{"id":6137,"date":"2020-07-30T09:39:15","date_gmt":"2020-07-30T06:39:15","guid":{"rendered":"https:\/\/saglik.ibb.istanbul\/darulaceze\/?page_id=6137"},"modified":"2024-05-13T11:18:16","modified_gmt":"2024-05-13T08:18:16","slug":"hakkimizda","status":"publish","type":"page","link":"https:\/\/saglik.ibb.istanbul\/istanbul-darulaceze-mudurlugu\/hakkimizda\/","title":{"rendered":"Hakk\u0131m\u0131zda"},"content":{"rendered":"<div id='av-layout-grid-1'  class='av-layout-grid-container av-ueqll-addf4e0da179f0ad4f41827d3093e8a9 entry-content-wrapper main_color av-flex-cells  avia-builder-el-0  avia-builder-el-no-sibling   container_wrap fullsize'  >\n<div class='flex_cell av-7dtj6x-41e658e148d3acd1543d79aaad38a434 av-gridrow-cell av_one_half no_margin  avia-builder-el-1  el_before_av_cell_one_half  avia-builder-el-first '  ><div class='flex_cell_inner'>\n<style type=\"text\/css\" data-created_by=\"avia_inline_auto\" id=\"style-css-av-lw0xl-6f5052ea97e897bb2fa2551334d54588\">\n.flex_column.av-lw0xl-6f5052ea97e897bb2fa2551334d54588{\nborder-radius:0px 0px 0px 0px;\npadding:0px 0px 0px 0px;\n}\n<\/style>\n<div  class='flex_column av-lw0xl-6f5052ea97e897bb2fa2551334d54588 av_one_full  avia-builder-el-2  avia-builder-el-no-sibling  first flex_column_div av-zero-column-padding  '     ><section  class='av_textblock_section av-kdjz4b86-002cd6e09885566fe761b59f8cad9d31 '   itemscope=\"itemscope\" itemtype=\"https:\/\/schema.org\/CreativeWork\" ><div class='avia_textblock'  itemprop=\"text\" ><blockquote>\n<p>\u0130stanbul B\u00fcy\u00fck\u015fehir Belediyesi taraf\u0131ndan 1998 y\u0131l\u0131nda a\u00e7\u0131lan \u0130stanbul Dar\u00fclaceze \u015eube M\u00fcd\u00fcrl\u00fc\u011f\u00fc, 46.000 metrekaresi kapal\u0131 olmak \u00fczere toplam 151.000 metrekare alan \u00fczerine kurulmu\u015f, T\u00fcrkiye&#8217;nin en b\u00fcy\u00fck bak\u0131m ve huzur evi olma \u00f6zelli\u011fini ta\u015f\u0131maktad\u0131r.<\/p>\n<\/blockquote>\n<p><span style=\"color: #993300\"><b style=\"color: #993300\">1066 ki\u015fi kapasiteli \u0130stanbul Dar\u00fclaceze \u015eube <\/b><span style=\"color: #993300\"><b>M\u00fcd\u00fcrl\u00fc\u011f\u00fc&#8217;nde<\/b><\/span><b style=\"color: #993300\"> kalan sakinlerimiz, fiziksel ve psikolojik durumlar\u0131na g\u00f6re grupland\u0131r\u0131lm\u0131\u015f olup kendilerine en uygun ya\u015fam sitelerinde hizmet verilmektedir.<\/b><\/span><\/p>\n<p>Ya\u015fam sitelerinin fiziki \u015fartlar\u0131 site sakinlerinin profiline g\u00f6re olu\u015fturulmu\u015ftur. Ya\u015famsal ihtiya\u00e7lar\u0131n\u0131n takibi de bilgisayarl\u0131 otomasyon sistemi ile takip yap\u0131lmaktad\u0131r.<\/p>\n<p><strong>KABUL KO\u015eULLARI<\/strong><\/p>\n<p>\u0130stanbul Dar\u00fclaceze \u015eube M\u00fcd\u00fcrl\u00fc\u011f\u00fcnde kalmak isteyen m\u00fcracaat\u00e7\u0131lara ili\u015fkin ba\u015fvurular Sakin Kabul Hizmetleri \u015eefli\u011fi\u2019 ne yap\u0131l\u0131r. Sosyal \u00e7al\u0131\u015fmac\u0131lar taraf\u0131ndan yap\u0131lan inceleme sonucu kabul \u015fartlar\u0131na uygun oldu\u011fu tespit edilen ki\u015filer, gerekli belgeler de tamamland\u0131ktan sonra de\u011ferlendirilmek \u00fczere Kabul Komisyonu\u2019na sevk edilir. Kabul Komisyonu taraf\u0131ndan uygun g\u00f6r\u00fclen ki\u015filerin kuruma kabul\u00fc yap\u0131l\u0131r.<\/p>\n<p>Ba\u015fvurular bireyin kendisi ya da ilgilileri taraf\u0131ndan yap\u0131labilece\u011fi gibi, Alo 153 \u00c7\u00f6z\u00fcm Merkezi veya 0216 528 85 96 nolu Ya\u015fl\u0131 Dan\u0131\u015fma Hatt\u0131&#8217;ndan da yap\u0131labilir.<\/p>\n<p><strong><span style=\"color: #800000\">Ba\u015fvurularda Aranacak \u015eartlar<\/span><\/strong><\/p>\n<p>1- \u0130stanbul il s\u0131n\u0131rlar\u0131 i\u00e7erisinde ikamet ediyor olmak,<\/p>\n<p>2- Kad\u0131nlarda 55 ya\u015f, erkeklerde 60 ya\u015f ve \u00fczeri ya\u015flarda olmak,<\/p>\n<p>3- Kanunen bakmakla y\u00fck\u00fcml\u00fc kimsesi bulunmamak (Medeni Kanun Md:364),<\/p>\n<p>4- Sosyal ve ekonomik yoksunluk i\u00e7inde bulundu\u011fu sosyal inceleme raporu ile tespit edilmi\u015f olmak,<\/p>\n<p>5- Uyu\u015fturucu madde ya da alkol ba\u011f\u0131ml\u0131s\u0131 olmamak,<\/p>\n<p>6- Bula\u015f\u0131c\u0131 hastal\u0131\u011f\u0131 olmamak,<\/p>\n<p>7- Ak\u0131l hastal\u0131\u011f\u0131, zeka gerili\u011fi bulunmamak.<\/p>\n<p><strong><span style=\"color: #800000\">\u201cSakinlerimiz bakmakla y\u00fck\u00fcml\u00fc oldu\u011fumuz bireyler de\u011fil; d\u00fcn ile bug\u00fcn aras\u0131nda k\u00f6pr\u00fc kurmam\u0131z\u0131 sa\u011flayan, de\u011ferlerimizi yar\u0131nlara ta\u015f\u0131mam\u0131zda tecr\u00fcbelerine muhta\u00e7 oldu\u011fumuz hazinelerimizdir.\u201d<\/span><\/strong><\/p>\n<p>\u0130stanbul Dar\u00fclaceze sakinlerinin ya\u015famsal ihtiya\u00e7lar\u0131n\u0131n yan\u0131 s\u0131ra sosyal ihtiya\u00e7lar\u0131 da kurum taraf\u0131ndan kar\u015f\u0131lanmaktad\u0131r. Kamp\u00fcste yer alan Spor Salonu, K\u00fct\u00fcphane, Sosyal Aktivite Merkezi, Kafeterya, Do\u011fal Dinlenme Alanlar\u0131, Hobi ve Hayvanat Bah\u00e7esi gibi alanlarda da sakinlere rehabilitasyon ama\u00e7l\u0131 hizmetler verilmektedir.<\/p>\n<\/div><\/section><\/div>\n<\/div><\/div>\n<style type=\"text\/css\" data-created_by=\"avia_inline_auto\" id=\"style-css-av-4xlqhl-dc8a3e06dc9e4d25b83b161a851cec85\">\n.flex_cell.av-4xlqhl-dc8a3e06dc9e4d25b83b161a851cec85{\nvertical-align:top;\nbackground-color:#ededed;\n}\n.responsive #top #wrap_all .flex_cell.av-4xlqhl-dc8a3e06dc9e4d25b83b161a851cec85{\npadding:30px 30px 30px 30px !important;\n}\n<\/style>\n<div class='flex_cell av-4xlqhl-dc8a3e06dc9e4d25b83b161a851cec85 av-gridrow-cell av_one_half no_margin  avia-builder-el-4  el_after_av_cell_one_half  avia-builder-el-last  content-align-top'  ><div class='flex_cell_inner'><p>\n<style type=\"text\/css\" data-created_by=\"avia_inline_auto\" id=\"style-css-av-33ph95-e59622682ab3d6e388d9adb319aa64d2\">\n.flex_column.av-33ph95-e59622682ab3d6e388d9adb319aa64d2{\nborder-radius:0px 0px 0px 0px;\npadding:0px 0px 0px 0px;\n}\n<\/style>\n<div  class='flex_column av-33ph95-e59622682ab3d6e388d9adb319aa64d2 av_one_full  avia-builder-el-5  el_before_av_hr  avia-builder-el-first  first flex_column_div av-zero-column-padding  '     ><style type=\"text\/css\" data-created_by=\"avia_inline_auto\" id=\"style-css-av-kdjz5m7c-34cb6b2540436d46b2419e640b660681\">\n.avia-image-container.av-kdjz5m7c-34cb6b2540436d46b2419e640b660681 img.avia_image{\nbox-shadow:none;\n}\n.avia-image-container.av-kdjz5m7c-34cb6b2540436d46b2419e640b660681 .av-image-caption-overlay-center{\ncolor:#ffffff;\n}\n<\/style>\n<div  class='avia-image-container av-kdjz5m7c-34cb6b2540436d46b2419e640b660681 av-styling- avia-align-center  avia-builder-el-6  avia-builder-el-no-sibling '   itemprop=\"image\" itemscope=\"itemscope\" itemtype=\"https:\/\/schema.org\/ImageObject\" ><div class=\"avia-image-container-inner\"><div class=\"avia-image-overlay-wrap\"><img decoding=\"async\" fetchpriority=\"high\" class='wp-image-4213 avia-img-lazy-loading-not-4213 avia_image ' src=\"https:\/\/saglik.ibb.istanbul\/istanbul-darulaceze-mudurlugu\/wp-content\/uploads\/2016\/01\/duvar_kalp4.jpg\" alt='' title='Dar\u00fclaceze Sakinlerimiz'  height=\"2141\" width=\"2793\"  itemprop=\"thumbnailUrl\" srcset=\"https:\/\/saglik.ibb.istanbul\/istanbul-darulaceze-mudurlugu\/wp-content\/uploads\/2016\/01\/duvar_kalp4.jpg 2793w, https:\/\/saglik.ibb.istanbul\/istanbul-darulaceze-mudurlugu\/wp-content\/uploads\/2016\/01\/duvar_kalp4-300x230.jpg 300w, https:\/\/saglik.ibb.istanbul\/istanbul-darulaceze-mudurlugu\/wp-content\/uploads\/2016\/01\/duvar_kalp4-1030x790.jpg 1030w, https:\/\/saglik.ibb.istanbul\/istanbul-darulaceze-mudurlugu\/wp-content\/uploads\/2016\/01\/duvar_kalp4-768x589.jpg 768w, https:\/\/saglik.ibb.istanbul\/istanbul-darulaceze-mudurlugu\/wp-content\/uploads\/2016\/01\/duvar_kalp4-1536x1177.jpg 1536w, https:\/\/saglik.ibb.istanbul\/istanbul-darulaceze-mudurlugu\/wp-content\/uploads\/2016\/01\/duvar_kalp4-2048x1570.jpg 2048w, https:\/\/saglik.ibb.istanbul\/istanbul-darulaceze-mudurlugu\/wp-content\/uploads\/2016\/01\/duvar_kalp4-1500x1150.jpg 1500w, https:\/\/saglik.ibb.istanbul\/istanbul-darulaceze-mudurlugu\/wp-content\/uploads\/2016\/01\/duvar_kalp4-705x540.jpg 705w\" sizes=\"(max-width: 2793px) 100vw, 2793px\" \/><\/div><\/div><\/div><\/div><div  class='hr av-2tzgy1-58283f6397657270efb6b2197d211588 hr-default  avia-builder-el-7  el_after_av_one_full  el_before_av_image '><span class='hr-inner '><span class=\"hr-inner-style\"><\/span><\/span><\/div><br \/>\n\n<style type=\"text\/css\" data-created_by=\"avia_inline_auto\" id=\"style-css-av-kdjz7lm7-e8b3c1a5fca99789e540f76a9f592a92\">\n.avia-image-container.av-kdjz7lm7-e8b3c1a5fca99789e540f76a9f592a92 img.avia_image{\nbox-shadow:none;\n}\n.avia-image-container.av-kdjz7lm7-e8b3c1a5fca99789e540f76a9f592a92 .av-image-caption-overlay-center{\ncolor:#ffffff;\n}\n<\/style>\n<div  class='avia-image-container av-kdjz7lm7-e8b3c1a5fca99789e540f76a9f592a92 av-styling- avia-align-center  avia-builder-el-8  el_after_av_hr  avia-builder-el-last '   itemprop=\"image\" itemscope=\"itemscope\" itemtype=\"https:\/\/schema.org\/ImageObject\" ><div class=\"avia-image-container-inner\"><div class=\"avia-image-overlay-wrap\"><img decoding=\"async\" fetchpriority=\"high\" class='wp-image-4215 avia-img-lazy-loading-not-4215 avia_image ' src=\"https:\/\/saglik.ibb.istanbul\/istanbul-darulaceze-mudurlugu\/wp-content\/uploads\/2016\/01\/DARuLACEZE-5.jpg\" alt='' title='\u0130stanbul&#039;un \u015eefkatli Eli \u0130BB Dar\u00fclaceze M\u00fcd\u00fcrl\u00fc\u011f\u00fc'  height=\"2848\" width=\"4288\"  itemprop=\"thumbnailUrl\" srcset=\"https:\/\/saglik.ibb.istanbul\/istanbul-darulaceze-mudurlugu\/wp-content\/uploads\/2016\/01\/DARuLACEZE-5.jpg 4288w, https:\/\/saglik.ibb.istanbul\/istanbul-darulaceze-mudurlugu\/wp-content\/uploads\/2016\/01\/DARuLACEZE-5-300x199.jpg 300w, https:\/\/saglik.ibb.istanbul\/istanbul-darulaceze-mudurlugu\/wp-content\/uploads\/2016\/01\/DARuLACEZE-5-1030x684.jpg 1030w, https:\/\/saglik.ibb.istanbul\/istanbul-darulaceze-mudurlugu\/wp-content\/uploads\/2016\/01\/DARuLACEZE-5-768x510.jpg 768w, https:\/\/saglik.ibb.istanbul\/istanbul-darulaceze-mudurlugu\/wp-content\/uploads\/2016\/01\/DARuLACEZE-5-1536x1020.jpg 1536w, https:\/\/saglik.ibb.istanbul\/istanbul-darulaceze-mudurlugu\/wp-content\/uploads\/2016\/01\/DARuLACEZE-5-2048x1360.jpg 2048w, https:\/\/saglik.ibb.istanbul\/istanbul-darulaceze-mudurlugu\/wp-content\/uploads\/2016\/01\/DARuLACEZE-5-1500x996.jpg 1500w, https:\/\/saglik.ibb.istanbul\/istanbul-darulaceze-mudurlugu\/wp-content\/uploads\/2016\/01\/DARuLACEZE-5-705x468.jpg 705w\" sizes=\"(max-width: 4288px) 100vw, 4288px\" \/><\/div><\/div><\/div><\/p>\n<\/div><\/div><\/div>\n","protected":false},"excerpt":{"rendered":"","protected":false},"author":7,"featured_media":0,"parent":0,"menu_order":0,"comment_status":"closed","ping_status":"closed","template":"","meta":{"footnotes":""},"categories":[],"tags":[],"class_list":["post-6137","page","type-page","status-publish","format-standard","hentry"],"aioseo_notices":[],"_links":{"self":[{"href":"https:\/\/saglik.ibb.istanbul\/istanbul-darulaceze-mudurlugu\/wp-json\/wp\/v2\/pages\/6137","targetHints":{"allow":["GET"]}}],"collection":[{"href":"https:\/\/saglik.ibb.istanbul\/istanbul-darulaceze-mudurlugu\/wp-json\/wp\/v2\/pages"}],"about":[{"href":"https:\/\/saglik.ibb.istanbul\/istanbul-darulaceze-mudurlugu\/wp-json\/wp\/v2\/types\/page"}],"author":[{"embeddable":true,"href":"https:\/\/saglik.ibb.istanbul\/istanbul-darulaceze-mudurlugu\/wp-json\/wp\/v2\/users\/7"}],"replies":[{"embeddable":true,"href":"https:\/\/saglik.ibb.istanbul\/istanbul-darulaceze-mudurlugu\/wp-json\/wp\/v2\/comments?post=6137"}],"version-history":[{"count":10,"href":"https:\/\/saglik.ibb.istanbul\/istanbul-darulaceze-mudurlugu\/wp-json\/wp\/v2\/pages\/6137\/revisions"}],"predecessor-version":[{"id":9178,"href":"https:\/\/saglik.ibb.istanbul\/istanbul-darulaceze-mudurlugu\/wp-json\/wp\/v2\/pages\/6137\/revisions\/9178"}],"wp:attachment":[{"href":"https:\/\/saglik.ibb.istanbul\/istanbul-darulaceze-mudurlugu\/wp-json\/wp\/v2\/media?parent=6137"}],"wp:term":[{"taxonomy":"category","embeddable":true,"href":"https:\/\/saglik.ibb.istanbul\/istanbul-darulaceze-mudurlugu\/wp-json\/wp\/v2\/categories?post=6137"},{"taxonomy":"post_tag","embeddable":true,"href":"https:\/\/saglik.ibb.istanbul\/istanbul-darulaceze-mudurlugu\/wp-json\/wp\/v2\/tags?post=6137"}],"curies":[{"name":"wp","href":"https:\/\/api.w.org\/{rel}","templated":true}]}}