{"id":6138,"date":"2020-07-30T09:39:15","date_gmt":"2020-07-30T06:39:15","guid":{"rendered":"https:\/\/saglik.ibb.istanbul\/darulaceze\/?page_id=6138"},"modified":"2024-05-13T11:24:23","modified_gmt":"2024-05-13T08:24:23","slug":"mudur","status":"publish","type":"page","link":"https:\/\/saglik.ibb.istanbul\/istanbul-darulaceze-mudurlugu\/mudur\/","title":{"rendered":"M\u00fcd\u00fcr"},"content":{"rendered":"<div id='av-layout-grid-1'  class='av-layout-grid-container av-67yjne-4b5812102b6520231f3774e547dfc648 entry-content-wrapper main_color av-flex-cells  avia-builder-el-0  avia-builder-el-no-sibling   container_wrap fullsize'  >\n<div class='flex_cell av-3kb1lm-41ca13e142c3b32972281da94049581f av-gridrow-cell av_three_fourth no_margin  avia-builder-el-1  el_before_av_cell_one_fourth  avia-builder-el-first '  ><div class='flex_cell_inner'><section  class='av_textblock_section av-l14lxm3p-4f7ce177df8d4e5b8714c005efc61d97 '   itemscope=\"itemscope\" itemtype=\"https:\/\/schema.org\/CreativeWork\" ><div class='avia_textblock'  itemprop=\"text\" ><div class=\"container-fluid ox-0\">\n<div class=\"content-wrapper\">\n<div id=\"cvModal\" class=\"modal fade show\" role=\"dialog\">\n<div class=\"modal-dialog modal-dialog-centered modal-xl\" role=\"document\">\n<div class=\"modal-content\">\n<div class=\"modal-body\" data-use-plugin=\"printjs\">\n<div id=\"detail-content\">\n<div id=\"printableArea\">1977 y\u0131l\u0131nda \u0130stanbul\u2019da do\u011fmu\u015ftur. 1994 y\u0131l\u0131nda K\u00fc\u00e7\u00fckyal\u0131 Kadir Has Lisesinden, 1999 y\u0131l\u0131nda ise \u0130stanbul \u00dcniversitesi Bak\u0131rk\u00f6y Sa\u011fl\u0131k Y\u00fcksek Okulu Hem\u015firelik B\u00f6l\u00fcm\u00fcnden Lisans e\u011fitimini tamamlayarak mezun olmu\u015ftur. 1999 y\u0131l\u0131nda Marmara \u00dcniversitesinde Atat\u00fcrk E\u011fitim Fak\u00fcltesinde Pedagojik Formasyon, Y\u00f6netici Yetkinlik Geli\u015ftirmesi, E\u011fiticilerin Klinik E\u011fitim Becerilerinin Geli\u015ftirilmesi gibi bir\u00e7ok e\u011fitim program\u0131na kat\u0131lm\u0131\u015ft\u0131r. 2000 y\u0131l\u0131nda ba\u015flad\u0131\u011f\u0131 Marmara \u00dcniversitesi Sa\u011fl\u0131k Bilimleri \u00dcniversitesi Sa\u011fl\u0131k Kurumlar\u0131 Y\u00f6neticili\u011fi Anabilim Dal\u0131nda Y\u00fcksek Lisans E\u011fitimini bitirerek ayn\u0131 b\u00f6l\u00fcmde Doktora e\u011fitimine devam etmektedir. 2002 y\u0131l\u0131nda Y\u00fcksek Lisans ve Doktora E\u011fitimi s\u0131ras\u0131nda Marmara \u00dcniversitesi Sa\u011fl\u0131k Bilimleri Enstit\u00fcs\u00fc Sa\u011fl\u0131k Kurumlar\u0131 Y\u00f6neticili\u011fi Anabilim Dal\u0131nda Akademik olarak Asistan kadrosu ile i\u015f hayat\u0131na ba\u015flam\u0131\u015f, 2007 y\u0131l\u0131nda ise \u0130stanbul B\u00fcy\u00fck\u015fehir Belediyesi Sa\u011fl\u0131k ve H\u0131fz\u0131ss\u0131hha \u015eube M\u00fcd\u00fcrl\u00fc\u011f\u00fcnde memuriyet kadrosuna ge\u00e7i\u015f yapm\u0131\u015ft\u0131r. Y\u00fcksek Lisans\u0131n\u0131 \u201c\u0130stanbul B\u00fcy\u00fck\u015fehir Belediyesi S\u0131n\u0131rlar\u0131 \u0130\u00e7inde Yer Alan Hastanelerde Afet Y\u00f6netimine \u0130li\u015fkin Mevcut Durumun De\u011ferlendirilmesi\u201d konulu tez \u00e7al\u0131\u015fmas\u0131yla tamamlam\u0131\u015ft\u0131r. 2010 y\u0131l\u0131ndan itibaren kurumlar aras\u0131 g\u00f6revlendirme ile Ac\u0131badem \u00dcniversitesi Sa\u011fl\u0131k Meslek Y\u00fcksek Okulunda \u00d6\u011fretim G\u00f6revlisi olarak akademik \u00e7al\u0131\u015fmalar\u0131n\u0131 s\u00fcrd\u00fcrmektedir. Ayr\u0131ca 2014 y\u0131l\u0131ndan beri \u0130stanbul B\u00fcy\u00fck\u015fehir Belediyesi ad\u0131na Sa\u011fl\u0131kl\u0131 Kentler Birli\u011fi Koordinat\u00f6rl\u00fc\u011f\u00fc g\u00f6revini y\u00fcr\u00fctmektedir. Ayn\u0131 zamanda Akademik \u00e7al\u0131\u015fmalar\u0131na devam etmi\u015f, 2018-2019 y\u0131llar\u0131nda Bah\u00e7e\u015fehir \u00dcniversitesi Sa\u011fl\u0131k Bilimleri Fak\u00fcltesinde \u00d6\u011fretim G\u00f6revlisi olarak g\u00f6rev yapm\u0131\u015ft\u0131r. Gerek akademik kariyeri s\u00fcresince, gerekse memuriyet d\u00f6neminde bir\u00e7ok kongre ve sempozyumda bildiri sunumu ger\u00e7ekle\u015ftirmi\u015f olup \u00e7ok say\u0131da bilimsel yay\u0131n \u00e7al\u0131\u015fmalar\u0131nda g\u00f6rev alm\u0131\u015ft\u0131r. A\u011fustos 2022 tarihinde Sa\u011fl\u0131k Dairesi Ba\u015fkanl\u0131\u011f\u0131 \u0130stanbul Dar\u00fclaceze \u015eube M\u00fcd\u00fcrl\u00fc\u011f\u00fcnde M\u00fcd\u00fcr olarak g\u00f6revlendirilmi\u015ftir. Evli ve iki \u00e7ocuk annesidir.<\/div>\n<\/div>\n<\/div>\n<\/div>\n<\/div>\n<\/div>\n<\/div>\n<\/div>\n<\/div><\/section>\n<\/div><\/div><div class='flex_cell av-8sx22-b3b9e7a18a7637d4f6e73925f3facbf9 av-gridrow-cell av_one_fourth no_margin  avia-builder-el-3  el_after_av_cell_three_fourth  avia-builder-el-last '  ><div class='flex_cell_inner'><p>\n<style type=\"text\/css\" data-created_by=\"avia_inline_auto\" id=\"style-css-av-l14m2c61-1a5f38138da1230d267d71098dd389ac\">\n.avia-image-container.av-l14m2c61-1a5f38138da1230d267d71098dd389ac img.avia_image{\nbox-shadow:none;\n}\n.avia-image-container.av-l14m2c61-1a5f38138da1230d267d71098dd389ac .av-image-caption-overlay-center{\ncolor:#ffffff;\n}\n<\/style>\n<div  class='avia-image-container av-l14m2c61-1a5f38138da1230d267d71098dd389ac av-styling- avia-align-center  avia-builder-el-4  el_before_av_heading  avia-builder-el-first '   itemprop=\"image\" itemscope=\"itemscope\" itemtype=\"https:\/\/schema.org\/ImageObject\" ><div class=\"avia-image-container-inner\"><div class=\"avia-image-overlay-wrap\"><img decoding=\"async\" fetchpriority=\"high\" class='wp-image-7922 avia-img-lazy-loading-not-7922 avia_image ' src=\"https:\/\/saglik.ibb.istanbul\/istanbul-darulaceze-mudurlugu\/wp-content\/uploads\/2022\/09\/TAA-scaled.jpg\" alt='' title='TAA'  height=\"2259\" width=\"2560\"  itemprop=\"thumbnailUrl\" srcset=\"https:\/\/saglik.ibb.istanbul\/istanbul-darulaceze-mudurlugu\/wp-content\/uploads\/2022\/09\/TAA-scaled.jpg 2560w, https:\/\/saglik.ibb.istanbul\/istanbul-darulaceze-mudurlugu\/wp-content\/uploads\/2022\/09\/TAA-300x265.jpg 300w, https:\/\/saglik.ibb.istanbul\/istanbul-darulaceze-mudurlugu\/wp-content\/uploads\/2022\/09\/TAA-1030x909.jpg 1030w, https:\/\/saglik.ibb.istanbul\/istanbul-darulaceze-mudurlugu\/wp-content\/uploads\/2022\/09\/TAA-768x678.jpg 768w, https:\/\/saglik.ibb.istanbul\/istanbul-darulaceze-mudurlugu\/wp-content\/uploads\/2022\/09\/TAA-1536x1356.jpg 1536w, https:\/\/saglik.ibb.istanbul\/istanbul-darulaceze-mudurlugu\/wp-content\/uploads\/2022\/09\/TAA-2048x1807.jpg 2048w, https:\/\/saglik.ibb.istanbul\/istanbul-darulaceze-mudurlugu\/wp-content\/uploads\/2022\/09\/TAA-1500x1324.jpg 1500w, https:\/\/saglik.ibb.istanbul\/istanbul-darulaceze-mudurlugu\/wp-content\/uploads\/2022\/09\/TAA-705x622.jpg 705w\" sizes=\"(max-width: 2560px) 100vw, 2560px\" \/><\/div><\/div><\/div><br \/>\n\n<style type=\"text\/css\" data-created_by=\"avia_inline_auto\" id=\"style-css-av-l14m729t-82a24dc9a2c01b74c183e679f242b0a5\">\n#top .av-special-heading.av-l14m729t-82a24dc9a2c01b74c183e679f242b0a5{\npadding-bottom:10px;\ncolor:#af0000;\n}\nbody .av-special-heading.av-l14m729t-82a24dc9a2c01b74c183e679f242b0a5 .av-special-heading-tag .heading-char{\nfont-size:25px;\n}\n.av-special-heading.av-l14m729t-82a24dc9a2c01b74c183e679f242b0a5 .special-heading-inner-border{\nborder-color:#af0000;\n}\n.av-special-heading.av-l14m729t-82a24dc9a2c01b74c183e679f242b0a5 .av-subheading{\nfont-size:15px;\n}\n<\/style>\n<div  class='av-special-heading av-l14m729t-82a24dc9a2c01b74c183e679f242b0a5 av-special-heading-h2 custom-color-heading  avia-builder-el-5  el_after_av_image  avia-builder-el-last '><h2 class='av-special-heading-tag '  itemprop=\"headline\"  >T\u00fclay Aytekin AKTA\u015e<\/h2><div class=\"special-heading-border\"><div class=\"special-heading-inner-border\"><\/div><\/div><\/div><\/p>\n<\/div><\/div><\/div>\n","protected":false},"excerpt":{"rendered":"","protected":false},"author":7,"featured_media":{"id":7922,"url":"https:\/\/saglik.ibb.istanbul\/istanbul-darulaceze-mudurlugu\/wp-content\/uploads\/2022\/09\/TAA-scaled.jpg","sizes":{"thumbnail":"https:\/\/saglik.ibb.istanbul\/istanbul-darulaceze-mudurlugu\/wp-content\/uploads\/2022\/09\/TAA-80x80.jpg","medium":"https:\/\/saglik.ibb.istanbul\/istanbul-darulaceze-mudurlugu\/wp-content\/uploads\/2022\/09\/TAA-300x265.jpg","medium_large":"https:\/\/saglik.ibb.istanbul\/istanbul-darulaceze-mudurlugu\/wp-content\/uploads\/2022\/09\/TAA-768x678.jpg","large":"https:\/\/saglik.ibb.istanbul\/istanbul-darulaceze-mudurlugu\/wp-content\/uploads\/2022\/09\/TAA-1030x909.jpg","1536x1536":"https:\/\/saglik.ibb.istanbul\/istanbul-darulaceze-mudurlugu\/wp-content\/uploads\/2022\/09\/TAA-1536x1356.jpg","2048x2048":"https:\/\/saglik.ibb.istanbul\/istanbul-darulaceze-mudurlugu\/wp-content\/uploads\/2022\/09\/TAA-2048x1807.jpg","widget":"https:\/\/saglik.ibb.istanbul\/istanbul-darulaceze-mudurlugu\/wp-content\/uploads\/2022\/09\/TAA-36x36.jpg","square":"https:\/\/saglik.ibb.istanbul\/istanbul-darulaceze-mudurlugu\/wp-content\/uploads\/2022\/09\/TAA-180x180.jpg","featured":"https:\/\/saglik.ibb.istanbul\/istanbul-darulaceze-mudurlugu\/wp-content\/uploads\/2022\/09\/TAA-1500x430.jpg","featured_large":"https:\/\/saglik.ibb.istanbul\/istanbul-darulaceze-mudurlugu\/wp-content\/uploads\/2022\/09\/TAA-1500x630.jpg","extra_large":"https:\/\/saglik.ibb.istanbul\/istanbul-darulaceze-mudurlugu\/wp-content\/uploads\/2022\/09\/TAA-1500x1324.jpg","portfolio":"https:\/\/saglik.ibb.istanbul\/istanbul-darulaceze-mudurlugu\/wp-content\/uploads\/2022\/09\/TAA-495x400.jpg","portfolio_small":"https:\/\/saglik.ibb.istanbul\/istanbul-darulaceze-mudurlugu\/wp-content\/uploads\/2022\/09\/TAA-260x185.jpg","gallery":"https:\/\/saglik.ibb.istanbul\/istanbul-darulaceze-mudurlugu\/wp-content\/uploads\/2022\/09\/TAA-845x684.jpg","magazine":"https:\/\/saglik.ibb.istanbul\/istanbul-darulaceze-mudurlugu\/wp-content\/uploads\/2022\/09\/TAA-710x375.jpg","masonry":"https:\/\/saglik.ibb.istanbul\/istanbul-darulaceze-mudurlugu\/wp-content\/uploads\/2022\/09\/TAA-705x622.jpg","entry_with_sidebar":"https:\/\/saglik.ibb.istanbul\/istanbul-darulaceze-mudurlugu\/wp-content\/uploads\/2022\/09\/TAA-845x321.jpg","entry_without_sidebar":"https:\/\/saglik.ibb.istanbul\/istanbul-darulaceze-mudurlugu\/wp-content\/uploads\/2022\/09\/TAA-1210x423.jpg"}},"parent":0,"menu_order":0,"comment_status":"closed","ping_status":"closed","template":"","meta":{"footnotes":""},"categories":[],"tags":[],"class_list":["post-6138","page","type-page","status-publish","format-standard","has-post-thumbnail","hentry"],"aioseo_notices":[],"_links":{"self":[{"href":"https:\/\/saglik.ibb.istanbul\/istanbul-darulaceze-mudurlugu\/wp-json\/wp\/v2\/pages\/6138","targetHints":{"allow":["GET"]}}],"collection":[{"href":"https:\/\/saglik.ibb.istanbul\/istanbul-darulaceze-mudurlugu\/wp-json\/wp\/v2\/pages"}],"about":[{"href":"https:\/\/saglik.ibb.istanbul\/istanbul-darulaceze-mudurlugu\/wp-json\/wp\/v2\/types\/page"}],"author":[{"embeddable":true,"href":"https:\/\/saglik.ibb.istanbul\/istanbul-darulaceze-mudurlugu\/wp-json\/wp\/v2\/users\/7"}],"replies":[{"embeddable":true,"href":"https:\/\/saglik.ibb.istanbul\/istanbul-darulaceze-mudurlugu\/wp-json\/wp\/v2\/comments?post=6138"}],"version-history":[{"count":22,"href":"https:\/\/saglik.ibb.istanbul\/istanbul-darulaceze-mudurlugu\/wp-json\/wp\/v2\/pages\/6138\/revisions"}],"predecessor-version":[{"id":8560,"href":"https:\/\/saglik.ibb.istanbul\/istanbul-darulaceze-mudurlugu\/wp-json\/wp\/v2\/pages\/6138\/revisions\/8560"}],"wp:featuredmedia":[{"embeddable":true,"href":"https:\/\/saglik.ibb.istanbul\/istanbul-darulaceze-mudurlugu\/wp-json\/wp\/v2\/media\/7922"}],"wp:attachment":[{"href":"https:\/\/saglik.ibb.istanbul\/istanbul-darulaceze-mudurlugu\/wp-json\/wp\/v2\/media?parent=6138"}],"wp:term":[{"taxonomy":"category","embeddable":true,"href":"https:\/\/saglik.ibb.istanbul\/istanbul-darulaceze-mudurlugu\/wp-json\/wp\/v2\/categories?post=6138"},{"taxonomy":"post_tag","embeddable":true,"href":"https:\/\/saglik.ibb.istanbul\/istanbul-darulaceze-mudurlugu\/wp-json\/wp\/v2\/tags?post=6138"}],"curies":[{"name":"wp","href":"https:\/\/api.w.org\/{rel}","templated":true}]}}