{"id":945,"date":"2016-07-15T14:16:43","date_gmt":"2016-07-15T14:16:43","guid":{"rendered":"http:\/\/test.kriesi.at\/enfold-medical\/?page_id=945"},"modified":"2020-07-30T09:13:01","modified_gmt":"2020-07-30T06:13:01","slug":"news","status":"publish","type":"page","link":"https:\/\/saglik.ibb.istanbul\/istanbul-darulaceze-mudurlugu\/news\/","title":{"rendered":"Yay\u0131nlar\u0131m\u0131z"},"content":{"rendered":"","protected":false},"excerpt":{"rendered":"","protected":false},"author":7,"featured_media":0,"parent":0,"menu_order":0,"comment_status":"closed","ping_status":"closed","template":"","meta":{"footnotes":""},"categories":[],"tags":[],"class_list":["post-945","page","type-page","status-publish","format-standard","hentry"],"aioseo_notices":[],"_links":{"self":[{"href":"https:\/\/saglik.ibb.istanbul\/istanbul-darulaceze-mudurlugu\/wp-json\/wp\/v2\/pages\/945","targetHints":{"allow":["GET"]}}],"collection":[{"href":"https:\/\/saglik.ibb.istanbul\/istanbul-darulaceze-mudurlugu\/wp-json\/wp\/v2\/pages"}],"about":[{"href":"https:\/\/saglik.ibb.istanbul\/istanbul-darulaceze-mudurlugu\/wp-json\/wp\/v2\/types\/page"}],"author":[{"embeddable":true,"href":"https:\/\/saglik.ibb.istanbul\/istanbul-darulaceze-mudurlugu\/wp-json\/wp\/v2\/users\/7"}],"replies":[{"embeddable":true,"href":"https:\/\/saglik.ibb.istanbul\/istanbul-darulaceze-mudurlugu\/wp-json\/wp\/v2\/comments?post=945"}],"version-history":[{"count":1,"href":"https:\/\/saglik.ibb.istanbul\/istanbul-darulaceze-mudurlugu\/wp-json\/wp\/v2\/pages\/945\/revisions"}],"predecessor-version":[{"id":6118,"href":"https:\/\/saglik.ibb.istanbul\/istanbul-darulaceze-mudurlugu\/wp-json\/wp\/v2\/pages\/945\/revisions\/6118"}],"wp:attachment":[{"href":"https:\/\/saglik.ibb.istanbul\/istanbul-darulaceze-mudurlugu\/wp-json\/wp\/v2\/media?parent=945"}],"wp:term":[{"taxonomy":"category","embeddable":true,"href":"https:\/\/saglik.ibb.istanbul\/istanbul-darulaceze-mudurlugu\/wp-json\/wp\/v2\/categories?post=945"},{"taxonomy":"post_tag","embeddable":true,"href":"https:\/\/saglik.ibb.istanbul\/istanbul-darulaceze-mudurlugu\/wp-json\/wp\/v2\/tags?post=945"}],"curies":[{"name":"wp","href":"https:\/\/api.w.org\/{rel}","templated":true}]}}