{"id":4959,"date":"2020-07-28T11:17:45","date_gmt":"2020-07-28T08:17:45","guid":{"rendered":"https:\/\/saglik.ibb.istanbul\/hifzissihha\/?page_id=4959"},"modified":"2024-05-13T11:19:52","modified_gmt":"2024-05-13T08:19:52","slug":"hakkimizda","status":"publish","type":"page","link":"https:\/\/saglik.ibb.istanbul\/saglik-ve-hifzissihha-mudurlugu\/hakkimizda\/","title":{"rendered":"Hakk\u0131m\u0131zda"},"content":{"rendered":"<div id='av-layout-grid-1'  class='av-layout-grid-container av-98w7an-0101abb93a9e645d6a88ff1936cf348f entry-content-wrapper main_color av-flex-cells  avia-builder-el-0  avia-builder-el-no-sibling   container_wrap fullsize'  >\n<div class='flex_cell av-7j1wov-f3ec1ccd466a767189952934b2d39b75 av-gridrow-cell av_one_half no_margin  avia-builder-el-1  el_before_av_cell_one_half  avia-builder-el-first '  ><div class='flex_cell_inner'>\n<style type=\"text\/css\" data-created_by=\"avia_inline_auto\" id=\"style-css-av-5hrg4f-dcfb79eac3b9bb47124fe2771a18ec8e\">\n.flex_column.av-5hrg4f-dcfb79eac3b9bb47124fe2771a18ec8e{\nborder-radius:0px 0px 0px 0px;\npadding:0px 0px 0px 0px;\n}\n<\/style>\n<div  class='flex_column av-5hrg4f-dcfb79eac3b9bb47124fe2771a18ec8e av_one_full  avia-builder-el-2  avia-builder-el-no-sibling  first flex_column_div av-zero-column-padding  '     ><section  class='av_textblock_section av-kdh2l5mb-f0468e01be62635dc1e0b639b14fae9e '   itemscope=\"itemscope\" itemtype=\"https:\/\/schema.org\/CreativeWork\" ><div class='avia_textblock'  itemprop=\"text\" ><blockquote>\n<p>\u0130stanbul halk\u0131n\u0131n ya\u015fam kalitesini artt\u0131rmak amac\u0131yla, sa\u011fl\u0131k alan\u0131nda koruyucu, \u00f6nleyici, tedavi ve rehabilite edici hizmetler sunuyoruz.<\/p>\n<\/blockquote>\n<p><strong>Ama\u00e7lar\u0131m\u0131z<\/strong><\/p>\n<ul>\n<li>\u0130stanbul halk\u0131n\u0131n ya\u015fam kalitesini artt\u0131r\u0131c\u0131 sa\u011fl\u0131k hizmetleri sunmak.<\/li>\n<li>\u0130htiya\u00e7 sahibi, yatalak hastalara evde sa\u011fl\u0131k ve bak\u0131m hizmetleri sa\u011flamak.<\/li>\n<li>Koruyucu ruh sa\u011fl\u0131\u011f\u0131 hizmetlerini t\u00fcm \u0130stanbullulara \u00fccretsiz olarak sunmak.<\/li>\n<li>Aile dan\u0131\u015fmanl\u0131\u011f\u0131 ve e\u011fitim hizmetleriyle aile b\u00fct\u00fcnl\u00fc\u011f\u00fcn\u00fcn korunmas\u0131na ve ailelerin kar\u015f\u0131la\u015fabilece\u011fi sorunlar\u0131 \u00e7\u00f6zmelerine destek olmak.<\/li>\n<li>Halk sa\u011fl\u0131\u011f\u0131n\u0131 olumsuz y\u00f6nde etkileyecek durumlarla ilgili bilgilendirici ve fark\u0131ndal\u0131\u011f\u0131 artt\u0131r\u0131c\u0131 faaliyetlerde bulunmak.<\/li>\n<li>Hastal\u0131klar\u0131n ta\u015f\u0131y\u0131c\u0131lar\u0131 olan sinek, fare, kene vb. vekt\u00f6rlerle D\u00fcnya standartlar\u0131nda m\u00fccadele etmek.<\/li>\n<li>Ayakta te\u015fhis ve tedavi hizmetleriyle \u0130stanbul halk\u0131 ile \u0130BB \u00e7al\u0131\u015fanlar\u0131na uzman doktorlar e\u015fli\u011finde h\u0131zl\u0131 ve konforlu poliklinik hizmetleri sunmak.<\/li>\n<\/ul>\n<\/div><\/section><br \/>\n\n<style type=\"text\/css\" data-created_by=\"avia_inline_auto\" id=\"style-css-av-kdii8780-9611c5b23f58e94cd5c495c535e01dc6\">\n.avia-image-container.av-kdii8780-9611c5b23f58e94cd5c495c535e01dc6 img.avia_image{\nbox-shadow:none;\n}\n.avia-image-container.av-kdii8780-9611c5b23f58e94cd5c495c535e01dc6 .av-image-caption-overlay-center{\ncolor:#ffffff;\n}\n<\/style>\n<div  class='avia-image-container av-kdii8780-9611c5b23f58e94cd5c495c535e01dc6 av-styling- avia-align-center  avia-builder-el-4  el_after_av_textblock  avia-builder-el-last '   itemprop=\"image\" itemscope=\"itemscope\" itemtype=\"https:\/\/schema.org\/ImageObject\" ><div class=\"avia-image-container-inner\"><div class=\"avia-image-overlay-wrap\"><img decoding=\"async\" fetchpriority=\"high\" class='wp-image-3482 avia-img-lazy-loading-not-3482 avia_image ' src=\"https:\/\/saglik.ibb.istanbul\/saglik-ve-hifzissihha-mudurlugu\/wp-content\/uploads\/2018\/03\/Bagcilar-PDM-Karsilama-Danisma-845x684.jpg\" alt='' title='Ba\u011fc\u0131lar PDM Kar\u015f\u0131lama Dan\u0131\u015fma'  height=\"684\" width=\"845\"  itemprop=\"thumbnailUrl\" srcset=\"https:\/\/saglik.ibb.istanbul\/saglik-ve-hifzissihha-mudurlugu\/wp-content\/uploads\/2018\/03\/Bagcilar-PDM-Karsilama-Danisma-845x684.jpg 845w, https:\/\/saglik.ibb.istanbul\/saglik-ve-hifzissihha-mudurlugu\/wp-content\/uploads\/2018\/03\/Bagcilar-PDM-Karsilama-Danisma-495x400.jpg 495w\" sizes=\"(max-width: 845px) 100vw, 845px\" \/><\/div><\/div><\/div><\/p><\/div>\n<\/div><\/div>\n<style type=\"text\/css\" data-created_by=\"avia_inline_auto\" id=\"style-css-av-h2e0v-8ba6e770c48f2739b5d259a3807f2183\">\n.flex_cell.av-h2e0v-8ba6e770c48f2739b5d259a3807f2183{\nvertical-align:top;\n}\n.responsive #top #wrap_all .flex_cell.av-h2e0v-8ba6e770c48f2739b5d259a3807f2183{\npadding:30px 30px 30px 30px !important;\n}\n<\/style>\n<div class='flex_cell av-h2e0v-8ba6e770c48f2739b5d259a3807f2183 av-gridrow-cell av_one_half no_margin  avia-builder-el-5  el_after_av_cell_one_half  avia-builder-el-last  content-align-top'  ><div class='flex_cell_inner'>\n<style type=\"text\/css\" data-created_by=\"avia_inline_auto\" id=\"style-css-av-35u6ov-b15cdc840bb704ce73ada1191b84a97f\">\n.flex_column.av-35u6ov-b15cdc840bb704ce73ada1191b84a97f{\nborder-radius:0px 0px 0px 0px;\npadding:0px 0px 0px 0px;\n}\n<\/style>\n<div  class='flex_column av-35u6ov-b15cdc840bb704ce73ada1191b84a97f av_one_full  avia-builder-el-6  avia-builder-el-no-sibling  first flex_column_div av-zero-column-padding  '     ><section  class='av_textblock_section av-kdh2p3be-9563463e253accc92e2359aef67cd892 '   itemscope=\"itemscope\" itemtype=\"https:\/\/schema.org\/CreativeWork\" ><div class='avia_textblock'  itemprop=\"text\" ><blockquote>\n<p>Evde sa\u011fl\u0131k ve bak\u0131m hizmetleri, Aile dan\u0131\u015fmanl\u0131k ve e\u011fitim hizmetleri, Psikolojik dan\u0131\u015fmanl\u0131k hizmetleri, Ayakta te\u015fhis ve tedavi hizmetleri,Vekt\u00f6rlerle m\u00fccadele hizmetleri.<\/p>\n<\/blockquote>\n<p><strong><span style=\"color: #800000\">G\u00f6revlerimiz<\/span><\/strong><\/p>\n<ul>\n<li><span style=\"color: #000000\">Halk sa\u011fl\u0131\u011f\u0131, te\u015fhis, tedavi ve rehabilitasyon hizmetlerine y\u00f6nelik birimleri kurmak, i\u015fletmek veya i\u015flettirmek,<\/span><\/li>\n<li><span style=\"color: #000000\">Halk sa\u011fl\u0131\u011f\u0131n\u0131 tehdit eden ola\u011fan\u00fcst\u00fc durumlarda zaman\u0131nda t\u00fcm tedbirleri almak, gerekli kurum ve kurulu\u015flarla i\u015fbirli\u011fi yapmak,<\/span><\/li>\n<li><span style=\"color: #000000\">Halk sa\u011fl\u0131\u011f\u0131 konular\u0131nda epidemiyolojik saha \u00e7al\u0131\u015fmalar\u0131 yapmak. Hastal\u0131k riski, ta\u015f\u0131y\u0131c\u0131l\u0131\u011f\u0131 konular\u0131nda \u00e7al\u0131\u015fmalar yapmak, laboratuvar hizmeti vermek. Kamuoyunu konuyla ilgili bilgilendirmek,<\/span><\/li>\n<li><span style=\"color: #000000\">Toplum ve \u00e7evre sa\u011fl\u0131\u011f\u0131n\u0131 ilgilendiren her t\u00fcrl\u00fc maddenin analizlerini yapmak \u00fczere laboratuvarlar kurmak, i\u015fletmek ve i\u015flettirmek,<\/span><\/li>\n<li><span style=\"color: #000000\">A\u015f\u0131, serum, kan \u00fcr\u00fcn\u00fc, antijen gibi \u00e7e\u015fitli biyolojik ve kimyasal \u00fcr\u00fcnler haz\u0131rlamak, bu amaca uygun altyap\u0131y\u0131 olu\u015fturmak,<\/span><\/li>\n<li><span style=\"color: #000000\">\u00c7evre ve insan sa\u011fl\u0131\u011f\u0131n\u0131 etkileyen her t\u00fcrl\u00fc denetimi ger\u00e7ekle\u015ftirmek, denetim sonu\u00e7lar\u0131n\u0131n gere\u011fini yerine getirmek,<\/span><\/li>\n<li><span style=\"color: #000000\">\u00c7evre ve insan sa\u011fl\u0131\u011f\u0131n\u0131 etkileyen her t\u00fcrl\u00fc ha\u015fere ile m\u00fccadele programlar\u0131n\u0131 haz\u0131rlamak ve y\u00fcr\u00fctmek,<\/span><\/li>\n<li><span style=\"color: #000000\">Verdi\u011fi hizmetlere, \u0130\u00e7i\u015fleri Bakanl\u0131\u011f\u0131\u2019n\u0131n \u201c\u0130l \u00d6zel \u0130daresi ve Belediye Hizmetlerine G\u00f6n\u00fcll\u00fc Kat\u0131l\u0131m Y\u00f6netmeli\u011fi\u201d ve \u201c\u0130stanbul B\u00fcy\u00fck\u015fehir Belediyesi Hizmetlerine G\u00f6n\u00fcll\u00fc Kat\u0131l\u0131m Y\u00f6netmeli\u011fi\u201d \u00e7er\u00e7evesinde g\u00f6n\u00fcll\u00fc kat\u0131l\u0131m\u0131n\u0131 sa\u011flamak,<\/span><\/li>\n<li><span style=\"color: #000000\">M\u00fcd\u00fcrl\u00fck \u00e7al\u0131\u015fma alanlar\u0131yla ilgili lise, \u00f6n lisans, lisans ve lisans\u00fcst\u00fc \u00f6\u011frencilerine staj e\u011fitimi vermek,<\/span><\/li>\n<li><span style=\"color: #000000\">Yurti\u00e7i ve yurtd\u0131\u015f\u0131 ilgili kurum ve kurulu\u015flarla bilimsel yay\u0131n, ara\u015ft\u0131rma, proje haz\u0131rlama ve uygulama, e\u011fitim konular\u0131nda ve mevzuat de\u011ferlendirmelerinde i\u015fbirli\u011fi yapmak,<\/span><\/li>\n<li><span style=\"color: #000000\">Koruyucu hekimlik ve halk sa\u011fl\u0131\u011f\u0131 konusunda halka y\u00f6nelik toplant\u0131, sempozyum, kampanya ve kurslar d\u00fczenlemek,<\/span><\/li>\n<li><span style=\"color: #000000\">Personelin yurti\u00e7i ve yurtd\u0131\u015f\u0131 bilimsel toplant\u0131, fuar, kurs gibi her t\u00fcrl\u00fc organizasyonlara kat\u0131lmas\u0131n\u0131 sa\u011flamak ve bu t\u00fcr organizasyonlar d\u00fczenlemek,<\/span><\/li>\n<li><span style=\"color: #000000\">M\u00fcd\u00fcrl\u00fc\u011f\u00fcn \u00e7al\u0131\u015fmalar\u0131n\u0131 bilimsel y\u00f6nden desteklemek amac\u0131yla bilimsel ara\u015ft\u0131rmalar, incelemeler yapmak ve yay\u0131nlamak; projeler haz\u0131rlamak ve y\u00fcr\u00fctmek; her t\u00fcrl\u00fc s\u00fcreli ve s\u00fcresiz yay\u0131n \u00e7\u0131karmak,<\/span><\/li>\n<li><span style=\"color: #000000\">M\u00fcd\u00fcrl\u00fck \u00e7al\u0131\u015fma alanlar\u0131 ile ilgili bilirki\u015filik hizmetleri sunmak.<\/span><\/li>\n<\/ul>\n<\/div><\/section><\/div>\n<\/div><\/div><\/div>\n","protected":false},"excerpt":{"rendered":"","protected":false},"author":7,"featured_media":0,"parent":0,"menu_order":0,"comment_status":"closed","ping_status":"closed","template":"","meta":{"footnotes":""},"categories":[],"tags":[],"class_list":["post-4959","page","type-page","status-publish","format-standard","hentry"],"aioseo_notices":[],"_links":{"self":[{"href":"https:\/\/saglik.ibb.istanbul\/saglik-ve-hifzissihha-mudurlugu\/wp-json\/wp\/v2\/pages\/4959","targetHints":{"allow":["GET"]}}],"collection":[{"href":"https:\/\/saglik.ibb.istanbul\/saglik-ve-hifzissihha-mudurlugu\/wp-json\/wp\/v2\/pages"}],"about":[{"href":"https:\/\/saglik.ibb.istanbul\/saglik-ve-hifzissihha-mudurlugu\/wp-json\/wp\/v2\/types\/page"}],"author":[{"embeddable":true,"href":"https:\/\/saglik.ibb.istanbul\/saglik-ve-hifzissihha-mudurlugu\/wp-json\/wp\/v2\/users\/7"}],"replies":[{"embeddable":true,"href":"https:\/\/saglik.ibb.istanbul\/saglik-ve-hifzissihha-mudurlugu\/wp-json\/wp\/v2\/comments?post=4959"}],"version-history":[{"count":10,"href":"https:\/\/saglik.ibb.istanbul\/saglik-ve-hifzissihha-mudurlugu\/wp-json\/wp\/v2\/pages\/4959\/revisions"}],"predecessor-version":[{"id":5186,"href":"https:\/\/saglik.ibb.istanbul\/saglik-ve-hifzissihha-mudurlugu\/wp-json\/wp\/v2\/pages\/4959\/revisions\/5186"}],"wp:attachment":[{"href":"https:\/\/saglik.ibb.istanbul\/saglik-ve-hifzissihha-mudurlugu\/wp-json\/wp\/v2\/media?parent=4959"}],"wp:term":[{"taxonomy":"category","embeddable":true,"href":"https:\/\/saglik.ibb.istanbul\/saglik-ve-hifzissihha-mudurlugu\/wp-json\/wp\/v2\/categories?post=4959"},{"taxonomy":"post_tag","embeddable":true,"href":"https:\/\/saglik.ibb.istanbul\/saglik-ve-hifzissihha-mudurlugu\/wp-json\/wp\/v2\/tags?post=4959"}],"curies":[{"name":"wp","href":"https:\/\/api.w.org\/{rel}","templated":true}]}}