{"id":4961,"date":"2020-07-28T11:17:46","date_gmt":"2020-07-28T08:17:46","guid":{"rendered":"https:\/\/saglik.ibb.istanbul\/hifzissihha\/?page_id=4961"},"modified":"2024-05-13T11:22:44","modified_gmt":"2024-05-13T08:22:44","slug":"mudur","status":"publish","type":"page","link":"https:\/\/saglik.ibb.istanbul\/saglik-ve-hifzissihha-mudurlugu\/mudur\/","title":{"rendered":"M\u00fcd\u00fcr"},"content":{"rendered":"<div id='av-layout-grid-1'  class='av-layout-grid-container av-609tbl-1325cd8905e05a5555a4590cbee1b729 entry-content-wrapper main_color av-flex-cells  avia-builder-el-0  avia-builder-el-no-sibling   container_wrap fullsize'  >\n<div class='flex_cell av-424qjl-fc145767eef0911545bb2f4bbdfd20c2 av-gridrow-cell av_two_fifth no_margin  avia-builder-el-1  el_before_av_cell_three_fifth  avia-builder-el-first '  ><div class='flex_cell_inner'><p>\n<style type=\"text\/css\" data-created_by=\"avia_inline_auto\" id=\"style-css-av-3rukxd-62079d19d96d8b5f4a874313f4ae0233\">\n.flex_column.av-3rukxd-62079d19d96d8b5f4a874313f4ae0233{\nborder-radius:0px 0px 0px 0px;\npadding:0px 0px 0px 0px;\n}\n<\/style>\n<div  class='flex_column av-3rukxd-62079d19d96d8b5f4a874313f4ae0233 av_one_full  avia-builder-el-2  el_before_av_heading  avia-builder-el-first  first flex_column_div av-zero-column-padding  '     ><p>\n<style type=\"text\/css\" data-created_by=\"avia_inline_auto\" id=\"style-css-av-knfpzssj-4bdc3c36a2f4a1183c8a09387e19fb35\">\n.avia-image-container.av-knfpzssj-4bdc3c36a2f4a1183c8a09387e19fb35 img.avia_image{\nbox-shadow:none;\n}\n.avia-image-container.av-knfpzssj-4bdc3c36a2f4a1183c8a09387e19fb35 .av-image-caption-overlay-center{\ncolor:#ffffff;\n}\n<\/style>\n<div  class='avia-image-container av-knfpzssj-4bdc3c36a2f4a1183c8a09387e19fb35 av-styling- avia-align-center  avia-builder-el-3  el_before_av_image  avia-builder-el-first '   itemprop=\"image\" itemscope=\"itemscope\" itemtype=\"https:\/\/schema.org\/ImageObject\" ><div class=\"avia-image-container-inner\"><div class=\"avia-image-overlay-wrap\"><img decoding=\"async\" fetchpriority=\"high\" class='wp-image-6118 avia-img-lazy-loading-not-6118 avia_image ' src=\"https:\/\/saglik.ibb.istanbul\/saglik-ve-hifzissihha-mudurlugu\/wp-content\/uploads\/2021\/04\/Uzm.-Dr.-Mustafa-Hakan-YILMAZTURK-8.jpg\" alt='' title='Uzm. Dr. Mustafa Hakan YILMAZT\u00dcRK (8)'  height=\"2779\" width=\"2171\"  itemprop=\"thumbnailUrl\" srcset=\"https:\/\/saglik.ibb.istanbul\/saglik-ve-hifzissihha-mudurlugu\/wp-content\/uploads\/2021\/04\/Uzm.-Dr.-Mustafa-Hakan-YILMAZTURK-8.jpg 2171w, https:\/\/saglik.ibb.istanbul\/saglik-ve-hifzissihha-mudurlugu\/wp-content\/uploads\/2021\/04\/Uzm.-Dr.-Mustafa-Hakan-YILMAZTURK-8-234x300.jpg 234w, https:\/\/saglik.ibb.istanbul\/saglik-ve-hifzissihha-mudurlugu\/wp-content\/uploads\/2021\/04\/Uzm.-Dr.-Mustafa-Hakan-YILMAZTURK-8-805x1030.jpg 805w, https:\/\/saglik.ibb.istanbul\/saglik-ve-hifzissihha-mudurlugu\/wp-content\/uploads\/2021\/04\/Uzm.-Dr.-Mustafa-Hakan-YILMAZTURK-8-768x983.jpg 768w, https:\/\/saglik.ibb.istanbul\/saglik-ve-hifzissihha-mudurlugu\/wp-content\/uploads\/2021\/04\/Uzm.-Dr.-Mustafa-Hakan-YILMAZTURK-8-1200x1536.jpg 1200w, https:\/\/saglik.ibb.istanbul\/saglik-ve-hifzissihha-mudurlugu\/wp-content\/uploads\/2021\/04\/Uzm.-Dr.-Mustafa-Hakan-YILMAZTURK-8-1600x2048.jpg 1600w, https:\/\/saglik.ibb.istanbul\/saglik-ve-hifzissihha-mudurlugu\/wp-content\/uploads\/2021\/04\/Uzm.-Dr.-Mustafa-Hakan-YILMAZTURK-8-1172x1500.jpg 1172w, https:\/\/saglik.ibb.istanbul\/saglik-ve-hifzissihha-mudurlugu\/wp-content\/uploads\/2021\/04\/Uzm.-Dr.-Mustafa-Hakan-YILMAZTURK-8-551x705.jpg 551w\" sizes=\"(max-width: 2171px) 100vw, 2171px\" \/><\/div><\/div><\/div><br \/>\n<\/p><\/div>\n<style type=\"text\/css\" data-created_by=\"avia_inline_auto\" id=\"style-css-av-32avcx-429891694a793c7430dc946f9b8a3e1d\">\n#top .av-special-heading.av-32avcx-429891694a793c7430dc946f9b8a3e1d{\npadding-bottom:10px;\ncolor:#af0000;\n}\nbody .av-special-heading.av-32avcx-429891694a793c7430dc946f9b8a3e1d .av-special-heading-tag .heading-char{\nfont-size:25px;\n}\n.av-special-heading.av-32avcx-429891694a793c7430dc946f9b8a3e1d .special-heading-inner-border{\nborder-color:#af0000;\n}\n.av-special-heading.av-32avcx-429891694a793c7430dc946f9b8a3e1d .av-subheading{\nfont-size:15px;\n}\n<\/style>\n<div  class='av-special-heading av-32avcx-429891694a793c7430dc946f9b8a3e1d av-special-heading-h2 custom-color-heading  avia-builder-el-5  el_after_av_one_full  avia-builder-el-last '><h2 class='av-special-heading-tag '  itemprop=\"headline\"  >Uzm. Dr. Mustafa Hakan YILMAZT\u00dcRK<\/h2><div class=\"special-heading-border\"><div class=\"special-heading-inner-border\"><\/div><\/div><\/div><\/p>\n<\/div><\/div><div class='flex_cell av-2uq8jl-2d7dad3c8ede6e058ee91ad9f70f1f95 av-gridrow-cell av_three_fifth no_margin  avia-builder-el-6  el_after_av_cell_two_fifth  avia-builder-el-last '  ><div class='flex_cell_inner'><section  class='av_textblock_section av-kf87wklq-74a06826e836d9ba51b38598cf3fb64d '   itemscope=\"itemscope\" itemtype=\"https:\/\/schema.org\/CreativeWork\" ><div class='avia_textblock'  itemprop=\"text\" ><p style=\"text-align: justify;background: white;vertical-align: baseline;margin: 10.2pt 0cm 10.2pt 0cm\"><span style=\"font-size: 11.5pt;font-family: 'Helvetica',sans-serif;color: black\">1966 y\u0131l\u0131nda \u0130stanbul\u2019da do\u011fdu. Konya-Ta\u015fkent k\u00f6kenli bir ailenin \u00fcyesidir. 1983 y\u0131l\u0131nda Bah\u00e7elievler Lisesi\u2019nden, 1989 y\u0131l\u0131nda \u0130stanbul \u00dcniversitesi \u0130stanbul T\u0131p Fak\u00fcltesi\u2019nden mezun oldu.<\/span><\/p>\n<p style=\"text-align: justify;background: white;vertical-align: baseline;margin: 10.2pt 0cm 10.2pt 0cm\"><span style=\"font-size: 11.5pt;font-family: 'Helvetica',sans-serif;color: black\">Mezuniyet sonras\u0131nda Devrek-Dirgine Sa\u011fl\u0131k Oca\u011f\u0131 Hekimli\u011finde mecburi hizmetini tamamlad\u0131ktan sonra SSK Kartal Meslek Hastal\u0131klar\u0131 Hastanesine atand\u0131. 1992 y\u0131l\u0131nda MSB Sa\u011fl\u0131k Daire Ba\u015fkanl\u0131\u011f\u0131nda vatani g\u00f6revini Rapor K\u0131s\u0131m Subay\u0131 olarak ifa ettikten sonra, yine ayn\u0131 y\u0131l <\/span>T\u0131pta Uzmanl\u0131k E\u011fitimi Giri\u015f\u00a0S\u0131nav\u0131\u00a0(TUS)\u2019ta<span style=\"font-size: 10.5pt;font-family: 'Arial',sans-serif;color: #4d5156;background: white\">\u00a0<\/span><span style=\"font-size: 11.5pt;font-family: 'Helvetica',sans-serif;color: black\"> ba\u015far\u0131l\u0131 olarak Taksim E\u011fitim ve Ara\u015ft\u0131rma Hastanesi\u2019nde i\u00e7 hastal\u0131klar\u0131 ihtisas\u0131na ba\u015flad\u0131. 1997 y\u0131l\u0131nda uzmanl\u0131\u011f\u0131n\u0131 ald\u0131ktan sonra 17 y\u0131l \u00f6zel hastane Ba\u015fhekimli\u011fi ve Hemodiyaliz sorumlu uzmanl\u0131\u011f\u0131 g\u00f6revlerinde bulundu.<\/span><\/p>\n<p style=\"text-align: justify;background: white;vertical-align: baseline;margin: 10.2pt 0cm 10.2pt 0cm\"><span style=\"font-size: 11.5pt;font-family: 'Helvetica',sans-serif;color: black\">Bu esnada, \u0130stanbul \u00dcniversitesi \u0130\u015fletme Fak\u00fcltesi Hastane-Sa\u011fl\u0131k Kurulu\u015flar\u0131 Y\u00f6neticili\u011fi Bilim Dal\u0131nda Y\u00fcksek Lisans ve yine \u0130\u00dc \u0130\u015fletme Fak\u00fcltesinde Y\u00f6netim \u2013 Organizasyon Bilim Dal\u0131nda Doktora derecelerini almaya hak kazand\u0131.<\/span><\/p>\n<p style=\"text-align: justify;background: white;vertical-align: baseline;margin: 10.2pt 0cm 10.2pt 0cm\"><span style=\"font-size: 11.5pt;font-family: 'Helvetica',sans-serif;color: black\">Yeditepe, Okan, Biruni, K\u00fclt\u00fcr, \u00dcsk\u00fcdar ve Rumeli \u00dcniversitelerinde \u00f6\u011fretim \u00fcyesi olarak g\u00f6rev yapt\u0131.<\/span><\/p>\n<p style=\"text-align: justify;background: white;vertical-align: baseline;margin: 10.2pt 0cm 10.2pt 0cm\"><span style=\"font-size: 11.5pt;font-family: 'Helvetica',sans-serif;color: black\">Mart 2014 y\u0131l\u0131nda GOP Taksim EAH\u2019ye \u0130\u00e7 Hastal\u0131klar\u0131 Uzman\u0131 olarak atand\u0131. Nisan 2015 \u2013 Aral\u0131k 2017 y\u0131llar\u0131 aras\u0131nda Ba\u015fhekimlik Birim Sorumlusu olarak g\u00f6rev yapt\u0131. Yeni kurulan Gaziosmanpa\u015fa Fizik tedavi E\u011fitim ve Ara\u015ft\u0131rma Hastanesi\u2019nin ve Taksim E\u011fitim ve Ara\u015ft\u0131rma Hastanesi\u2019nin kurulu\u015funda g\u00f6rev ald\u0131. Ayn\u0131 zamanda 4. Ba\u015fkanl\u0131k Evde Sa\u011fl\u0131k Hizmetleri Koordinat\u00f6rl\u00fc\u011f\u00fc g\u00f6revini y\u00fcr\u00fctt\u00fc.<\/span><\/p>\n<p style=\"text-align: justify;background: white;vertical-align: baseline;margin: 10.2pt 0cm 10.2pt 0cm\"><span style=\"font-size: 11.5pt;font-family: 'Helvetica',sans-serif;color: black\">Aral\u0131k 2017\u2019de SB\u00dc Haseki EAH Ba\u015fhekim Yard\u0131mc\u0131l\u0131\u011f\u0131 g\u00f6revine atand\u0131, May\u0131s 2018\u2019de yeniden a\u00e7\u0131lan SB Taksim EAH\u2019ye d\u00f6nerek \u0130\u00e7 Hastal\u0131klar\u0131 Klini\u011fi Birim Sorumlulu\u011fu g\u00f6revini y\u00fcr\u00fctmeye ba\u015flad\u0131.<\/span><\/p>\n<p style=\"text-align: justify;background: white;vertical-align: baseline;margin: 10.2pt 0cm 10.2pt 0cm\"><span style=\"font-size: 11.5pt;font-family: 'Helvetica',sans-serif;color: black\">Nisan 2020 itibar\u0131yla, resen g\u00f6revlendirildi\u011fi Dr. Sadi Konuk EAH\u2019de Ba\u015fhekimlik Birim Sorumlusu g\u00f6revine ba\u015flad\u0131. Prof. Dr. Murat Dilmener Pandemi Hastanesi\u2019nin kurulu\u015funda g\u00f6rev yapt\u0131.<\/span><\/p>\n<p style=\"text-align: justify;background: white;vertical-align: baseline;margin: 10.2pt 0cm 10.2pt 0cm\"><span style=\"font-size: 11.5pt;font-family: 'Helvetica',sans-serif;color: black\">2015 y\u0131l\u0131ndan bu yana Adalet Bakanl\u0131\u011f\u0131 Bilirki\u015filik Daire Ba\u015fkanl\u0131\u011f\u0131 Adalet Komisyonu \u0130stanbul B\u00f6lge Bilirki\u015fi Listesine kay\u0131tl\u0131 olarak Ceza, Hukuk Mahkemeleriyle Cumhuriyet Ba\u015fsavc\u0131l\u0131klar\u0131nda Adli Bilirki\u015fi olarak g\u00f6rev yapmaktad\u0131r. Ayn\u0131 zamanda Sigorta Tahkim Komisyonu ve T\u00fcketici Hakem Heyeti bilirki\u015fisidir.<\/span><\/p>\n<p style=\"text-align: justify;background: white;vertical-align: baseline;margin: 10.2pt 0cm 10.2pt 0cm\"><span style=\"font-size: 11.5pt;font-family: 'Helvetica',sans-serif;color: black\">Ocak 2020\u2019de Medeniyet \u00dcniversitesinden T\u0131p Hukuku alan\u0131nda Y\u00fcksek Lisans Belgesi almaya hak kazand\u0131. Helen, Medipol \u00fcniversitesi Hukuk Fak\u00fcltesinde Sa\u011fl\u0131k hukuku Doktora \u00f6\u011frencisidir.<\/span><\/p>\n<p style=\"text-align: justify;background: white;vertical-align: baseline;margin: 10.2pt 0cm 10.2pt 0cm\"><span style=\"font-size: 11.5pt;font-family: 'Helvetica',sans-serif;color: black\">Hastanelerde Maliyet Muhasebesi, Hastane Y\u00f6netimi ve Hasta G\u00fcvenli\u011fi kitaplar\u0131n\u0131n yazarlar\u0131 aras\u0131ndad\u0131r.<\/span><\/p>\n<p style=\"text-align: justify;background: white;vertical-align: baseline;margin: 10.2pt 0cm 10.2pt 0cm\"><span style=\"font-size: 11.5pt;font-family: 'Helvetica',sans-serif;color: black\">1996 y\u0131l\u0131 Hastane Dergisi \u00d6zel Sa\u011fl\u0131k Kurulu\u015flar\u0131 Y\u00f6neticisi \u00f6d\u00fcl\u00fcn\u00fcn sahibidir.<\/span><\/p>\n<p style=\"text-align: justify;background: white;vertical-align: baseline;margin: 10.2pt 0cm 10.2pt 0cm\">\u00d6zel Hastaneler ve Sa\u011fl\u0131k Kurulu\u015flar\u0131 Derne\u011fi<span style=\"font-size: 10.5pt;font-family: 'Arial',sans-serif;color: #4d5156;background: white\">\u00a0<\/span><span style=\"font-size: 11.5pt;font-family: 'Helvetica',sans-serif;color: black\"> (OHSAD) ve <\/span>Kurumsal \u00d6zel Diyaliz Merkezleri Derne\u011fi<span style=\"font-size: 11.5pt;font-family: 'Helvetica',sans-serif;color: black\"> (D\u0130ADER) y\u00f6netim kurullar\u0131nda iki\u015fer d\u00f6nem g\u00f6rev ald\u0131. Halen Marmara Grubu Vakf\u0131 m\u00fctevelli heyeti ve Galatasaray Spor Kul\u00fcb\u00fc kongre \u00fcyesidir.<\/span><\/p>\n<p style=\"text-align: justify;background: white;vertical-align: baseline;margin: 10.2pt 0cm 10.2pt 0cm\"><span style=\"font-size: 11.5pt;font-family: 'Helvetica',sans-serif;color: black\">Evli ve iki \u00e7ocuk babas\u0131d\u0131r.<\/span><\/p>\n<\/div><\/section>\n<\/div><\/div><\/div>\n","protected":false},"excerpt":{"rendered":"","protected":false},"author":7,"featured_media":{"id":5189,"url":"https:\/\/saglik.ibb.istanbul\/saglik-ve-hifzissihha-mudurlugu\/wp-content\/uploads\/2020\/08\/Resim.png","sizes":{"thumbnail":"https:\/\/saglik.ibb.istanbul\/saglik-ve-hifzissihha-mudurlugu\/wp-content\/uploads\/2020\/08\/Resim-80x80.png","medium":"https:\/\/saglik.ibb.istanbul\/saglik-ve-hifzissihha-mudurlugu\/wp-content\/uploads\/2020\/08\/Resim.png","medium_large":"https:\/\/saglik.ibb.istanbul\/saglik-ve-hifzissihha-mudurlugu\/wp-content\/uploads\/2020\/08\/Resim.png","large":"https:\/\/saglik.ibb.istanbul\/saglik-ve-hifzissihha-mudurlugu\/wp-content\/uploads\/2020\/08\/Resim.png","1536x1536":"https:\/\/saglik.ibb.istanbul\/saglik-ve-hifzissihha-mudurlugu\/wp-content\/uploads\/2020\/08\/Resim.png","2048x2048":"https:\/\/saglik.ibb.istanbul\/saglik-ve-hifzissihha-mudurlugu\/wp-content\/uploads\/2020\/08\/Resim.png","widget":"https:\/\/saglik.ibb.istanbul\/saglik-ve-hifzissihha-mudurlugu\/wp-content\/uploads\/2020\/08\/Resim-36x36.png","square":"https:\/\/saglik.ibb.istanbul\/saglik-ve-hifzissihha-mudurlugu\/wp-content\/uploads\/2020\/08\/Resim-180x180.png","featured":"https:\/\/saglik.ibb.istanbul\/saglik-ve-hifzissihha-mudurlugu\/wp-content\/uploads\/2020\/08\/Resim.png","featured_large":"https:\/\/saglik.ibb.istanbul\/saglik-ve-hifzissihha-mudurlugu\/wp-content\/uploads\/2020\/08\/Resim.png","extra_large":"https:\/\/saglik.ibb.istanbul\/saglik-ve-hifzissihha-mudurlugu\/wp-content\/uploads\/2020\/08\/Resim.png","portfolio":"https:\/\/saglik.ibb.istanbul\/saglik-ve-hifzissihha-mudurlugu\/wp-content\/uploads\/2020\/08\/Resim.png","portfolio_small":"https:\/\/saglik.ibb.istanbul\/saglik-ve-hifzissihha-mudurlugu\/wp-content\/uploads\/2020\/08\/Resim-192x185.png","gallery":"https:\/\/saglik.ibb.istanbul\/saglik-ve-hifzissihha-mudurlugu\/wp-content\/uploads\/2020\/08\/Resim.png","magazine":"https:\/\/saglik.ibb.istanbul\/saglik-ve-hifzissihha-mudurlugu\/wp-content\/uploads\/2020\/08\/Resim.png","masonry":"https:\/\/saglik.ibb.istanbul\/saglik-ve-hifzissihha-mudurlugu\/wp-content\/uploads\/2020\/08\/Resim.png","entry_with_sidebar":"https:\/\/saglik.ibb.istanbul\/saglik-ve-hifzissihha-mudurlugu\/wp-content\/uploads\/2020\/08\/Resim.png","entry_without_sidebar":"https:\/\/saglik.ibb.istanbul\/saglik-ve-hifzissihha-mudurlugu\/wp-content\/uploads\/2020\/08\/Resim.png"}},"parent":0,"menu_order":0,"comment_status":"closed","ping_status":"closed","template":"","meta":{"footnotes":""},"categories":[],"tags":[],"class_list":["post-4961","page","type-page","status-publish","format-standard","has-post-thumbnail","hentry"],"aioseo_notices":[],"_links":{"self":[{"href":"https:\/\/saglik.ibb.istanbul\/saglik-ve-hifzissihha-mudurlugu\/wp-json\/wp\/v2\/pages\/4961","targetHints":{"allow":["GET"]}}],"collection":[{"href":"https:\/\/saglik.ibb.istanbul\/saglik-ve-hifzissihha-mudurlugu\/wp-json\/wp\/v2\/pages"}],"about":[{"href":"https:\/\/saglik.ibb.istanbul\/saglik-ve-hifzissihha-mudurlugu\/wp-json\/wp\/v2\/types\/page"}],"author":[{"embeddable":true,"href":"https:\/\/saglik.ibb.istanbul\/saglik-ve-hifzissihha-mudurlugu\/wp-json\/wp\/v2\/users\/7"}],"replies":[{"embeddable":true,"href":"https:\/\/saglik.ibb.istanbul\/saglik-ve-hifzissihha-mudurlugu\/wp-json\/wp\/v2\/comments?post=4961"}],"version-history":[{"count":23,"href":"https:\/\/saglik.ibb.istanbul\/saglik-ve-hifzissihha-mudurlugu\/wp-json\/wp\/v2\/pages\/4961\/revisions"}],"predecessor-version":[{"id":6127,"href":"https:\/\/saglik.ibb.istanbul\/saglik-ve-hifzissihha-mudurlugu\/wp-json\/wp\/v2\/pages\/4961\/revisions\/6127"}],"wp:featuredmedia":[{"embeddable":true,"href":"https:\/\/saglik.ibb.istanbul\/saglik-ve-hifzissihha-mudurlugu\/wp-json\/wp\/v2\/media\/5189"}],"wp:attachment":[{"href":"https:\/\/saglik.ibb.istanbul\/saglik-ve-hifzissihha-mudurlugu\/wp-json\/wp\/v2\/media?parent=4961"}],"wp:term":[{"taxonomy":"category","embeddable":true,"href":"https:\/\/saglik.ibb.istanbul\/saglik-ve-hifzissihha-mudurlugu\/wp-json\/wp\/v2\/categories?post=4961"},{"taxonomy":"post_tag","embeddable":true,"href":"https:\/\/saglik.ibb.istanbul\/saglik-ve-hifzissihha-mudurlugu\/wp-json\/wp\/v2\/tags?post=4961"}],"curies":[{"name":"wp","href":"https:\/\/api.w.org\/{rel}","templated":true}]}}