{"id":4970,"date":"2020-07-28T11:25:16","date_gmt":"2020-07-28T08:25:16","guid":{"rendered":"https:\/\/saglik.ibb.istanbul\/hifzissihha\/?page_id=4970"},"modified":"2020-10-07T10:43:58","modified_gmt":"2020-10-07T07:43:58","slug":"yonetim-semasi","status":"publish","type":"page","link":"https:\/\/saglik.ibb.istanbul\/saglik-ve-hifzissihha-mudurlugu\/yonetim-semasi\/","title":{"rendered":"Y\u00f6netim \u015eemas\u0131"},"content":{"rendered":"\n<style type=\"text\/css\" data-created_by=\"avia_inline_auto\" id=\"style-css-av-301up6-865b13d3972473539f67b7a4d8767b8a\">\n.flex_column.av-301up6-865b13d3972473539f67b7a4d8767b8a{\nborder-radius:0px 0px 0px 0px;\npadding:0px 0px 0px 0px;\n}\n<\/style>\n<div  class='flex_column av-301up6-865b13d3972473539f67b7a4d8767b8a av_one_full  avia-builder-el-0  avia-builder-el-no-sibling  first flex_column_div av-zero-column-padding  '     ><\/div>\n","protected":false},"excerpt":{"rendered":"","protected":false},"author":7,"featured_media":{"id":5180,"url":"https:\/\/saglik.ibb.istanbul\/saglik-ve-hifzissihha-mudurlugu\/wp-content\/uploads\/2020\/08\/Ekran-Goruntusu-74.png","sizes":{"thumbnail":"https:\/\/saglik.ibb.istanbul\/saglik-ve-hifzissihha-mudurlugu\/wp-content\/uploads\/2020\/08\/Ekran-Goruntusu-74-80x80.png","medium":"https:\/\/saglik.ibb.istanbul\/saglik-ve-hifzissihha-mudurlugu\/wp-content\/uploads\/2020\/08\/Ekran-Goruntusu-74-300x188.png","medium_large":"https:\/\/saglik.ibb.istanbul\/saglik-ve-hifzissihha-mudurlugu\/wp-content\/uploads\/2020\/08\/Ekran-Goruntusu-74-768x480.png","large":"https:\/\/saglik.ibb.istanbul\/saglik-ve-hifzissihha-mudurlugu\/wp-content\/uploads\/2020\/08\/Ekran-Goruntusu-74-1030x644.png","1536x1536":"https:\/\/saglik.ibb.istanbul\/saglik-ve-hifzissihha-mudurlugu\/wp-content\/uploads\/2020\/08\/Ekran-Goruntusu-74.png","2048x2048":"https:\/\/saglik.ibb.istanbul\/saglik-ve-hifzissihha-mudurlugu\/wp-content\/uploads\/2020\/08\/Ekran-Goruntusu-74.png","widget":"https:\/\/saglik.ibb.istanbul\/saglik-ve-hifzissihha-mudurlugu\/wp-content\/uploads\/2020\/08\/Ekran-Goruntusu-74-36x36.png","square":"https:\/\/saglik.ibb.istanbul\/saglik-ve-hifzissihha-mudurlugu\/wp-content\/uploads\/2020\/08\/Ekran-Goruntusu-74-180x180.png","featured":"https:\/\/saglik.ibb.istanbul\/saglik-ve-hifzissihha-mudurlugu\/wp-content\/uploads\/2020\/08\/Ekran-Goruntusu-74-1440x430.png","featured_large":"https:\/\/saglik.ibb.istanbul\/saglik-ve-hifzissihha-mudurlugu\/wp-content\/uploads\/2020\/08\/Ekran-Goruntusu-74-1440x630.png","extra_large":"https:\/\/saglik.ibb.istanbul\/saglik-ve-hifzissihha-mudurlugu\/wp-content\/uploads\/2020\/08\/Ekran-Goruntusu-74.png","portfolio":"https:\/\/saglik.ibb.istanbul\/saglik-ve-hifzissihha-mudurlugu\/wp-content\/uploads\/2020\/08\/Ekran-Goruntusu-74-495x400.png","portfolio_small":"https:\/\/saglik.ibb.istanbul\/saglik-ve-hifzissihha-mudurlugu\/wp-content\/uploads\/2020\/08\/Ekran-Goruntusu-74-260x185.png","gallery":"https:\/\/saglik.ibb.istanbul\/saglik-ve-hifzissihha-mudurlugu\/wp-content\/uploads\/2020\/08\/Ekran-Goruntusu-74-845x684.png","magazine":"https:\/\/saglik.ibb.istanbul\/saglik-ve-hifzissihha-mudurlugu\/wp-content\/uploads\/2020\/08\/Ekran-Goruntusu-74-710x375.png","masonry":"https:\/\/saglik.ibb.istanbul\/saglik-ve-hifzissihha-mudurlugu\/wp-content\/uploads\/2020\/08\/Ekran-Goruntusu-74-705x441.png","entry_with_sidebar":"https:\/\/saglik.ibb.istanbul\/saglik-ve-hifzissihha-mudurlugu\/wp-content\/uploads\/2020\/08\/Ekran-Goruntusu-74-845x321.png","entry_without_sidebar":"https:\/\/saglik.ibb.istanbul\/saglik-ve-hifzissihha-mudurlugu\/wp-content\/uploads\/2020\/08\/Ekran-Goruntusu-74-1210x423.png"}},"parent":0,"menu_order":0,"comment_status":"closed","ping_status":"closed","template":"","meta":{"footnotes":""},"categories":[],"tags":[],"class_list":["post-4970","page","type-page","status-publish","format-standard","has-post-thumbnail","hentry"],"aioseo_notices":[],"_links":{"self":[{"href":"https:\/\/saglik.ibb.istanbul\/saglik-ve-hifzissihha-mudurlugu\/wp-json\/wp\/v2\/pages\/4970","targetHints":{"allow":["GET"]}}],"collection":[{"href":"https:\/\/saglik.ibb.istanbul\/saglik-ve-hifzissihha-mudurlugu\/wp-json\/wp\/v2\/pages"}],"about":[{"href":"https:\/\/saglik.ibb.istanbul\/saglik-ve-hifzissihha-mudurlugu\/wp-json\/wp\/v2\/types\/page"}],"author":[{"embeddable":true,"href":"https:\/\/saglik.ibb.istanbul\/saglik-ve-hifzissihha-mudurlugu\/wp-json\/wp\/v2\/users\/7"}],"replies":[{"embeddable":true,"href":"https:\/\/saglik.ibb.istanbul\/saglik-ve-hifzissihha-mudurlugu\/wp-json\/wp\/v2\/comments?post=4970"}],"version-history":[{"count":6,"href":"https:\/\/saglik.ibb.istanbul\/saglik-ve-hifzissihha-mudurlugu\/wp-json\/wp\/v2\/pages\/4970\/revisions"}],"predecessor-version":[{"id":5754,"href":"https:\/\/saglik.ibb.istanbul\/saglik-ve-hifzissihha-mudurlugu\/wp-json\/wp\/v2\/pages\/4970\/revisions\/5754"}],"wp:featuredmedia":[{"embeddable":true,"href":"https:\/\/saglik.ibb.istanbul\/saglik-ve-hifzissihha-mudurlugu\/wp-json\/wp\/v2\/media\/5180"}],"wp:attachment":[{"href":"https:\/\/saglik.ibb.istanbul\/saglik-ve-hifzissihha-mudurlugu\/wp-json\/wp\/v2\/media?parent=4970"}],"wp:term":[{"taxonomy":"category","embeddable":true,"href":"https:\/\/saglik.ibb.istanbul\/saglik-ve-hifzissihha-mudurlugu\/wp-json\/wp\/v2\/categories?post=4970"},{"taxonomy":"post_tag","embeddable":true,"href":"https:\/\/saglik.ibb.istanbul\/saglik-ve-hifzissihha-mudurlugu\/wp-json\/wp\/v2\/tags?post=4970"}],"curies":[{"name":"wp","href":"https:\/\/api.w.org\/{rel}","templated":true}]}}